{"id":337,"date":"2017-10-20T11:51:29","date_gmt":"2017-10-20T11:51:29","guid":{"rendered":"http:\/\/kirchenchor-sundern.de\/?page_id=337"},"modified":"2017-10-20T16:03:43","modified_gmt":"2017-10-20T16:03:43","slug":"2012-2","status":"publish","type":"page","link":"https:\/\/kirchenchor-sundern.de\/?page_id=337","title":{"rendered":"2012"},"content":{"rendered":"<p style=\"text-align: justify;\">Ein f\u00fcr den Chor ereignisreiches Jahr liegt hinter uns.<\/p>\n<p style=\"text-align: justify;\">Haben wir nicht zu Anfang des Jahres gedacht: &#8222;Werden wir \u00fcberhaupt das Requiem auff\u00fchren k\u00f6nnen? \u00dcbernehmen der Kulturring und die Sponsoren die Kosten? Schaffen wir all&#8216; die sehr intensiven und zeitaufwendigen Proben?&#8220;<\/p>\n<p style=\"text-align: justify;\">JA! Wir haben es geschafft, wenn auch einige Chormitglieder wegen des zu hohen Zeitaufwandes die Teilnahme an diesem gro\u00dfartigen Projekt aufgeben mussten. Schade, denn wir h\u00e4tten gerne allen dieses Erlebnis geg\u00f6nnt. Bei jeder Probe wurde das Werk runder, die Gemeinschaft mit dem St. Petri &#8211; Chor immer intensiver. Und welche Freude haben wir bei\u00a0den drei Auff\u00fchrungen gesp\u00fcrt! Jeder von uns Mitwirkenden ist stolz, bei einer solchenAuff\u00fchrung seinen Beitrag geleistet zu haben.<\/p>\n<p style=\"text-align: justify;\">Text: Lilo Budden<\/p>\n<p style=\"text-align: justify;\"><span style=\"color: #966833;\"><a href=\"https:\/\/de-livepages.strato.com\/wizard\/w4\/manageContentLinkObject.jsp?pos=12279503&amp;\" target=\"_blank\" rel=\"noopener\">2012 als Kompaktbericht<u><\/u><\/a><\/span><\/p>\n<p style=\"text-align: justify;\"><strong>24. und 26.12.2012<\/strong><\/p>\n<p style=\"text-align: justify;\">Traditionsgem\u00e4\u00df gestalten wir schon vor der Christmette\u00a0unser kleines Vorprogramm und am 2. Feiertag singen wir in unserer Nachbargemeinde Christk\u00f6nig.<\/p>\n<p style=\"text-align: justify;\">&#8211; O Bethlehem, du kleine Stadt<\/p>\n<p style=\"text-align: justify;\">&#8211; In der Nacht von Bethlehem<\/p>\n<p style=\"text-align: justify;\">&#8211; Menschen, die ihr wart verloren<\/p>\n<p style=\"text-align: justify;\">&#8211; Denn es ist uns ein Kind geboren<\/p>\n<p style=\"text-align: justify;\">&#8211; Zu Bethlehem geboren<\/p>\n<p style=\"text-align: justify;\">&#8211; Weihnachtshymne (Felix Mendelssohn-Bartholdy)<\/p>\n<p style=\"text-align: justify;\">&#8211; Oh du Fr\u00f6hliche<\/p>\n<p style=\"text-align: justify;\"><strong>18.11.2012<\/strong><\/p>\n<p style=\"text-align: justify;\">Volkstrauertag: Wir singen im Hochamt in der St. Johannes Kirche Sundern. Wir w\u00fcrdigen den Anlass mit entsprechendem Liedgut und gestalten den Gottesdienst mit 3 Liedern:<\/p>\n<p style=\"text-align: justify;\">&#8211; Gott hat mir l\u00e4ngst einen Engel gesandt<\/p>\n<p style=\"text-align: justify;\">&#8211; Wer nur den lieben Gott l\u00e4sst walten (Bach)<\/p>\n<p style=\"text-align: justify;\">&#8211; Ave Verum (Mozart)<\/p>\n<p style=\"text-align: justify;\"><strong>27. und 28.10., 01.11.2012<\/strong><\/p>\n<p style=\"text-align: justify;\"><span style=\"color: #ff0000;\"><a href=\"https:\/\/kirchenchor-sundern.de\/wp-content\/uploads\/2017\/10\/requiem.jpg\"><img decoding=\"async\" loading=\"lazy\" class=\"alignnone size-full wp-image-404\" src=\"https:\/\/kirchenchor-sundern.de\/wp-content\/uploads\/2017\/10\/requiem.jpg\" alt=\"\" width=\"600\" height=\"450\" srcset=\"https:\/\/kirchenchor-sundern.de\/wp-content\/uploads\/2017\/10\/requiem.jpg 600w, https:\/\/kirchenchor-sundern.de\/wp-content\/uploads\/2017\/10\/requiem-300x225.jpg 300w\" sizes=\"(max-width: 600px) 100vw, 600px\" \/><\/a><\/span><\/p>\n<p style=\"text-align: justify;\">Endlich ist es so weit &#8211; das Requiem von Mozart wird in der Arnsberger Liebfrauenkirche, in der\u00a0St. Johannes\u00a0Kirche in Sundern und in der St. Petri Kirche in H\u00fcsten aufgef\u00fchrt.<\/p>\n<p style=\"text-align: justify;\">Seit Jahresbeginn haben wir uns auf diese Termine vorbereitet. Die freudige Erwartung ist gro\u00df und der Spa\u00df an der Durchf\u00fchrung ebenso. Die beeindruckenden Stimmen der Solisten, die Professionalit\u00e4t des Orchesters und die pr\u00e4zise Arbeit der Dirigenten machen die drei Auff\u00fchrungen f\u00fcr uns alle zu unvergesslichen Erlebnissen. Besonders bei der Darbietung in H\u00fcsten knistert die Luft vor Spannung und der Spa\u00df am gemeinsamen Musizieren wird hier sehr deutlich.<\/p>\n<p style=\"text-align: justify;\"><strong>28. und 29.09.2012<\/strong><\/p>\n<p style=\"text-align: justify;\"><span style=\"color: #ff0000;\"><a href=\"https:\/\/kirchenchor-sundern.de\/wp-content\/uploads\/2017\/10\/proben.jpg\"><img decoding=\"async\" loading=\"lazy\" class=\"alignnone size-full wp-image-403\" src=\"https:\/\/kirchenchor-sundern.de\/wp-content\/uploads\/2017\/10\/proben.jpg\" alt=\"\" width=\"600\" height=\"400\" srcset=\"https:\/\/kirchenchor-sundern.de\/wp-content\/uploads\/2017\/10\/proben.jpg 600w, https:\/\/kirchenchor-sundern.de\/wp-content\/uploads\/2017\/10\/proben-300x200.jpg 300w\" sizes=\"(max-width: 600px) 100vw, 600px\" \/><\/a><\/span><\/p>\n<p style=\"text-align: justify;\">Weitere Sonderproben f\u00fcr das Requiem im Pfarrheim St. Petri H\u00fcsten. Wir danken unseren Gastgebern f\u00fcr diese zwei gut organisierten Tage mit bester Verpflegung.<\/p>\n<p style=\"text-align: justify;\">Ein besonderer Dank auch\u00a0an Gabi Rohe.\u00a0Durch ihre Unterst\u00fctzung konnten am Samstag die\u00a0Frauen- und M\u00e4nnerstimmen getrennt\u00a0\u00fcben. Dadurch wurde die Probenarbeit sehr intensiv und erfolgreich.<\/p>\n<p style=\"text-align: justify;\"><strong>22.09.2012<\/strong><\/p>\n<p style=\"text-align: justify;\">Sonderprobe von 10.00 &#8211; 17.00 Uhr im Johanneshaus mit den G\u00e4sten aus H\u00fcsten.<\/p>\n<p style=\"text-align: justify;\">Die intensive Probenarbeit wird nur durch kurze Pausen zur St\u00e4rkung unterbrochen. Ein anstrengender Tag, der aber f\u00fcr den erforderlichen Feinschliff beidiesem St\u00fcck notwendig und hilfreich ist.<\/p>\n<p style=\"text-align: justify;\"><strong>21.09.2012<\/strong><\/p>\n<p style=\"text-align: justify;\"><span style=\"color: #ff0000;\"><a href=\"https:\/\/kirchenchor-sundern.de\/wp-content\/uploads\/2017\/10\/proben-sundern.jpg\"><img decoding=\"async\" loading=\"lazy\" class=\"alignnone size-full wp-image-402\" src=\"https:\/\/kirchenchor-sundern.de\/wp-content\/uploads\/2017\/10\/proben-sundern.jpg\" alt=\"\" width=\"600\" height=\"400\" srcset=\"https:\/\/kirchenchor-sundern.de\/wp-content\/uploads\/2017\/10\/proben-sundern.jpg 600w, https:\/\/kirchenchor-sundern.de\/wp-content\/uploads\/2017\/10\/proben-sundern-300x200.jpg 300w\" sizes=\"(max-width: 600px) 100vw, 600px\" \/><\/a><\/span><\/p>\n<p style=\"text-align: justify;\">Stimmbildung f\u00fcr den gesamten Chor und unsere G\u00e4ste aus H\u00fcsten.<\/p>\n<p style=\"text-align: justify;\">Wir erleben einen beeindruckenden Helmut Pieper, der es schafft, alle S\u00e4ngerinnen und S\u00e4nger\u00a0zur vollen Konzentration zu motivieren. Ein sehr lehrreicher Abend, den Herr Pieper mit unserem Projektwerk &#8211; Mozart&#8217;s Requiem &#8211; gestaltet. Also anstatt uns mit trockenen \u00dcbungen zu qu\u00e4len, demonstriert er die Techniken der Stimmbildung sehr anschaulich an einzelnen Passagen dieses umfangreichen Werkes.<\/p>\n<p style=\"text-align: justify;\">Einen ganz besonderen Dank an Helmut Pieper. Wir freuen uns schon auf das n\u00e4chste Mal!<\/p>\n<p style=\"text-align: justify;\"><strong>09.09.2012<\/strong><\/p>\n<p style=\"text-align: justify;\">Neben der intensiven Vorbereitung f\u00fcr das Requiem von Mozart vergessen wir nichtunsere Aufgabe als Kirchenchor. Wir singen im Hochamt um 9.30 Uhr.<\/p>\n<p style=\"text-align: justify;\"><strong>18.08.2012<\/strong><\/p>\n<p style=\"text-align: justify;\"><span style=\"color: #ff0000;\"><a href=\"https:\/\/kirchenchor-sundern.de\/wp-content\/uploads\/2017\/10\/big_32322805_0_333-250.jpg\"><img decoding=\"async\" loading=\"lazy\" class=\"alignnone size-full wp-image-405\" src=\"https:\/\/kirchenchor-sundern.de\/wp-content\/uploads\/2017\/10\/big_32322805_0_333-250.jpg\" alt=\"\" width=\"333\" height=\"249\" srcset=\"https:\/\/kirchenchor-sundern.de\/wp-content\/uploads\/2017\/10\/big_32322805_0_333-250.jpg 333w, https:\/\/kirchenchor-sundern.de\/wp-content\/uploads\/2017\/10\/big_32322805_0_333-250-300x224.jpg 300w\" sizes=\"(max-width: 333px) 100vw, 333px\" \/><\/a><\/span><\/p>\n<p style=\"text-align: justify;\">Der Kirchenchor trifft sich ab 16.00 Uhr in der Grillh\u00fctte &#8222;Am Schwemker Ring&#8220; in Sundern.<\/p>\n<p style=\"text-align: justify;\">Bei bestem Wetter und an diesem lauschigen Pl\u00e4tzchen werden nette Gespr\u00e4che gef\u00fchrt und gem\u00fctlich zusammen gesessen. Die Kartoffeln aus dem Feuer schmecken im August ebenso gut wie im September oder Oktober. Ganz zu schweigen von den W\u00fcrstchen frisch vom Grill.<\/p>\n<p style=\"text-align: justify;\">Ein k\u00fchles Getr\u00e4nk dazu und der ein oder andere Scherz &#8211; was bedarf es mehr zur geselligen Runde! Wiederholung bitte!<\/p>\n<p style=\"text-align: justify;\"><strong>25.06.2012<\/strong><\/p>\n<p style=\"text-align: justify;\">Letzte Probe vor den Sommerferien &#8211; es geht in den &#8222;wohlverdienten&#8220; Sommerurlaub.<\/p>\n<p style=\"text-align: justify;\">Jedoch bleibt die gro\u00dfe Herausforderung des Requiem weiterhin bestehen. So sind alle zu den Proben im Petrushaus H\u00fcsten am Mittwoch, den 11.7. und Mittwoch, den 15.8. eingeladen.<\/p>\n<p style=\"text-align: justify;\">Auch diese Gelegenheiten sollten in den Ferien genutzt werden.<\/p>\n<p style=\"text-align: justify;\"><strong>05.05.2012<\/strong><\/p>\n<p style=\"text-align: justify;\">Gemeindewallfahrt zur Muttergottes nach Werl. Das diesj\u00e4hrige Motto &#8222;Zieht Christus als Gewand an&#8220; m\u00fcssen die ca. 80 Fu\u00dfpilger mehr als w\u00f6rtlich nehmen. Sie trotzen &#8211; Dank gutem Gewand &#8211; dem schlechten Wetter und absolvieren die rund 30 km unter unangenehmen Bedingungen. Mit dem Bus reisen einige Gemeindemitglieder nach und feiern mit den Fu\u00dfpilgern die gemeinsame Pilgermesse um 18.00 Uhr. Das Postorchester Sundern und unser Chor gestalten den Gottesdienst musikalisch mit\u00a0und zollen so der beeindruckenden Leistung aller Pilger den verdienten Respekt. Wir singen:<\/p>\n<p style=\"text-align: justify;\">&#8211; Freu dich du Christenheit<\/p>\n<p style=\"text-align: justify;\">&#8211; O Herr unser Gott, wie herrlich ist dein Name<\/p>\n<p style=\"text-align: justify;\">&#8211; Ave Verum<\/p>\n<p style=\"text-align: justify;\">&#8211; Ave Maria<\/p>\n<p style=\"text-align: justify;\"><strong>09.04.2012<\/strong><\/p>\n<p style=\"text-align: justify;\">Ostermontag, Hochamt Christk\u00f6nig-Kirche Sundern, auch beim traditionellen Singen in der Nachbargemeinde ist die Freude und Euphorie noch zu sp\u00fcren. (wie Ostersonntag)<\/p>\n<p style=\"text-align: justify;\"><strong>08.04.2012<\/strong><\/p>\n<p style=\"text-align: justify;\">Ostersonntag, Festhochamt St. Johannes Kirche, die Freude der Osterbotschaft spiegelt sich in\u00a0den Melodien, Texten und im Ausdruck des Chores wider.<\/p>\n<p style=\"text-align: justify;\">&#8211; Vierne-Messe<\/p>\n<p style=\"text-align: justify;\"><strong>06.04.2012<\/strong><\/p>\n<p style=\"text-align: justify;\">Karfreitag, wir gestalten die Liturgie dem Anlass entsprechend.<\/p>\n<p style=\"text-align: justify;\">&#8211; O Haupt voll Blut und Wunden<\/p>\n<p style=\"text-align: justify;\">&#8211; Wer hat dich so geschlagen?<\/p>\n<p style=\"text-align: justify;\">&#8211; In jener letzten der N\u00e4chte<\/p>\n<p style=\"text-align: justify;\">&#8211; Aus tiefer Not schrei ich zu dir<\/p>\n<div style=\"text-align: justify;\"><strong>20.01.2012<\/strong><\/div>\n<div style=\"text-align: justify;\"><\/div>\n<div style=\"text-align: justify;\">Wir singen im Seelenamt f\u00fcr unser Chormitglied Anton Hoffmann:<\/div>\n<div style=\"text-align: justify;\"><\/div>\n<div style=\"text-align: justify;\">Pl\u00f6tzlich und unerwartet wird Anton aus dem Leben gerissen. F\u00fcr alle unfassbar und unbegreiflich, vermissen wir seine offene, freundliche und humorvolle Art.<\/div>\n<div style=\"text-align: justify;\"><\/div>\n<div style=\"text-align: justify;\">Unser tiefes Mitgef\u00fchl gilt seiner Familie und seinen Freunden.<\/div>\n<div style=\"text-align: justify;\"><\/div>\n<div style=\"text-align: justify;\">Beim Singen wird er stets in unserer Mitte sein&#8230;<\/div>\n<p><span style=\"border-radius: 2px; text-indent: 20px; width: auto; padding: 0px 4px 0px 0px; text-align: center; font: bold 11px\/20px 'Helvetica Neue',Helvetica,sans-serif; color: #ffffff; background: #bd081c no-repeat scroll 3px 50% \/ 14px 14px; position: absolute; opacity: 1; z-index: 8675309; display: none; cursor: pointer; top: 1388px; left: 50px;\">Merken<\/span><\/p>\n<p><span style=\"border-radius: 2px; text-indent: 20px; width: auto; padding: 0px 4px 0px 0px; text-align: center; font: bold 11px\/20px 'Helvetica Neue',Helvetica,sans-serif; color: #ffffff; background: #bd081c  no-repeat scroll 3px 50% \/ 14px 14px; position: absolute; opacity: 1; z-index: 8675309; display: none; cursor: pointer; top: 4033px; left: 50px;\">Merken<\/span><\/p>\n","protected":false},"excerpt":{"rendered":"<p>Ein f\u00fcr den Chor ereignisreiches Jahr liegt hinter uns. Haben wir nicht zu Anfang des Jahres gedacht: &#8222;Werden wir \u00fcberhaupt das Requiem auff\u00fchren k\u00f6nnen? \u00dcbernehmen der Kulturring und die Sponsoren die Kosten? Schaffen wir all&#8216; die sehr intensiven und zeitaufwendigen Proben?&#8220; JA! Wir haben es geschafft, wenn auch einige Chormitglieder wegen des zu hohen Zeitaufwandes &hellip; <\/p>\n<p class=\"link-more\"><a href=\"https:\/\/kirchenchor-sundern.de\/?page_id=337\" class=\"more-link\"><span class=\"screen-reader-text\">\u201e2012\u201c<\/span> weiterlesen<\/a><\/p>\n","protected":false},"author":1,"featured_media":0,"parent":0,"menu_order":0,"comment_status":"closed","ping_status":"closed","template":"","meta":{"footnotes":""},"_links":{"self":[{"href":"https:\/\/kirchenchor-sundern.de\/index.php?rest_route=\/wp\/v2\/pages\/337"}],"collection":[{"href":"https:\/\/kirchenchor-sundern.de\/index.php?rest_route=\/wp\/v2\/pages"}],"about":[{"href":"https:\/\/kirchenchor-sundern.de\/index.php?rest_route=\/wp\/v2\/types\/page"}],"author":[{"embeddable":true,"href":"https:\/\/kirchenchor-sundern.de\/index.php?rest_route=\/wp\/v2\/users\/1"}],"replies":[{"embeddable":true,"href":"https:\/\/kirchenchor-sundern.de\/index.php?rest_route=%2Fwp%2Fv2%2Fcomments&post=337"}],"version-history":[{"count":8,"href":"https:\/\/kirchenchor-sundern.de\/index.php?rest_route=\/wp\/v2\/pages\/337\/revisions"}],"predecessor-version":[{"id":414,"href":"https:\/\/kirchenchor-sundern.de\/index.php?rest_route=\/wp\/v2\/pages\/337\/revisions\/414"}],"wp:attachment":[{"href":"https:\/\/kirchenchor-sundern.de\/index.php?rest_route=%2Fwp%2Fv2%2Fmedia&parent=337"}],"curies":[{"name":"wp","href":"https:\/\/api.w.org\/{rel}","templated":true}]}}