{"id":339,"date":"2017-10-20T11:51:38","date_gmt":"2017-10-20T11:51:38","guid":{"rendered":"http:\/\/kirchenchor-sundern.de\/?page_id=339"},"modified":"2017-10-20T16:00:06","modified_gmt":"2017-10-20T16:00:06","slug":"2013-2","status":"publish","type":"page","link":"https:\/\/kirchenchor-sundern.de\/?page_id=339","title":{"rendered":"2013"},"content":{"rendered":"<p style=\"text-align: justify;\"><strong>26.12.2013<\/strong><\/p>\n<p style=\"text-align: justify;\">Am zweiten Weihnachtsfeiertag singen wir im Hochamt\u00a0der Christk\u00f6nigkirche, unserer Nachbargemeinde ein geringf\u00fcgig ge\u00e4ndertes Programm&#8230;<\/p>\n<p style=\"text-align: justify;\"><strong>24.12.2013<\/strong><\/p>\n<p style=\"text-align: justify;\">Christmette &#8211; Die vollbesetzte St. Johannes Kirche h\u00f6rt die Weihnachtsbotschaft mit anregenden, nachdenklich stimmenden Worten von Pr\u00e4ses Michael Schmitt. Erg\u00e4nzt durch die strahlenden\u00a0Lichter der eindrucksvollen Tannen, durch den besonderen Blumenschmuck, entsteht eine einzigartige, anr\u00fchrende Stimmung.<\/p>\n<p style=\"text-align: justify;\">Wir gestalten das Vorprogramm und die Liturgie im Wechsel von Chorgesang, Instrumentalst\u00fccken\u00a0(Karl Rosen,\u00a0Querfl\u00f6te und\u00a0Wolfgang Bitter, Orgel) und Liedern, die zusammen mit der Gemeinde gesungen\u00a0werden. Hier der Programmablauf&#8230;<\/p>\n<p style=\"text-align: justify;\"><strong>08.12.2013<\/strong><\/p>\n<p><a href=\"https:\/\/kirchenchor-sundern.de\/wp-content\/uploads\/2017\/10\/Chr01-1.jpg\"><img decoding=\"async\" loading=\"lazy\" class=\"alignnone size-full wp-image-396\" src=\"https:\/\/kirchenchor-sundern.de\/wp-content\/uploads\/2017\/10\/Chr01-1.jpg\" alt=\"\" width=\"450\" height=\"300\" srcset=\"https:\/\/kirchenchor-sundern.de\/wp-content\/uploads\/2017\/10\/Chr01-1.jpg 450w, https:\/\/kirchenchor-sundern.de\/wp-content\/uploads\/2017\/10\/Chr01-1-300x200.jpg 300w\" sizes=\"(max-width: 450px) 100vw, 450px\" \/><\/a><\/p>\n<p style=\"text-align: justify;\">In der gut besuchten St.\u00a0Antoniuskirche Kloster Brunnen findet unser Adventskonzert statt.<\/p>\n<p style=\"text-align: justify;\">Die Mitwirkenden Solisten Stephanie Appelhans,\u00a0Violine und\u00a0Barbara Bielefeld-Rikus, Blockfl\u00f6ten\u00a0sorgen f\u00fcr professionelles Ambiente. Unser Chorleiter und Tastenprofi Wolfgang Bitter bietet\u00a0an der Orgel wahren H\u00f6rgenuss. In ausgewogener Abwechslung zwischen Instrumentalst\u00fccken\u00a0und Chorgesang endet das Konzert\u00a0in\u00a0stimmungsvollem Kerzenschein&#8230;<\/p>\n<p style=\"text-align: justify;\">Wir bedanken uns herzlich\u00a0bei den Solisten, unserem Chorleiter Wolfgang und Karl Rosen, f\u00fcr sein hilfreiches Dirigat.<\/p>\n<p style=\"text-align: justify;\"><strong>22.11.2013<\/strong><\/p>\n<p style=\"text-align: justify;\">Helmut Pieper ist wieder bei uns zur Stimmbildung. Er \u00fcbt mit uns die verschiedenen Taktarten\u00a0und schult anhand einfacher Silben die verschiedenen Notenl\u00e4ngen und Rhytmen. Verbl\u00fcffend einfach erscheint uns danach das ein oder andere bisher geprobte Lied. Vielen Dank an Herrn Pieper f\u00fcr seine Geduld und das vermittelte Fachwissen.<\/p>\n<p style=\"text-align: justify;\"><strong>12.10.2013<\/strong><\/p>\n<p style=\"text-align: justify;\">Wir unternehmen unseren Tagesausflug nach Bonn. (Siehe Fotoalbum.)<\/p>\n<p style=\"text-align: justify;\">Unter fachkundiger F\u00fchrung von Pastor Michael Schmitt besichtigen wir die Kreuzbergkapelle und die heilige Stiege. Nach der Mittagspause frisch gest\u00e4rkt, erleben wir Pastor Schmitt als einen sehr kompetenten Historiker, der uns eindrucksvoll die Bonner Innenstadt pr\u00e4sentiert. Der abschlie\u00dfende Besuch im Haus der Geschichte\u00a0rundet das kulturelle Programm ab. Wir danken Pastor Schmitt f\u00fcr sein Engagement&#8230;<\/p>\n<p style=\"text-align: justify;\"><strong>26.05.2013<\/strong><\/p>\n<p style=\"text-align: justify;\">Anl\u00e4sslich des Kirchweihfestes unserer Gemeinde St. Johannes Evangelist, singen wir im\u00a0Hochamt um 9.30 Uhr klassische und auch moderne St\u00fccke:<\/p>\n<p style=\"text-align: justify;\">&#8211; Da ber\u00fchren sich Himmel und Erde<\/p>\n<p style=\"text-align: justify;\">&#8211; Der Segen des Aaron (P.C. Lutkin, Nikolaus Schr\u00f6der)<\/p>\n<p style=\"text-align: justify;\">&#8211; Halleluja<\/p>\n<p style=\"text-align: justify;\">&#8211; Lobet den Herrn in seinem Heiligtum<\/p>\n<p style=\"text-align: justify;\"><strong>04.05.2013<\/strong><\/p>\n<p style=\"text-align: justify;\">Zur diesj\u00e4hrigen Fu\u00dfwallfahrt unserer Gemeinde, singen wir in der Werler Basilika und gestalten im Wechsel mit dem Postorchester Sundern die Pilgermesse.<\/p>\n<p style=\"text-align: justify;\">&#8211; Freu dich, du Christenheit<\/p>\n<p style=\"text-align: justify;\">&#8211; Ave Maria (Jacob Arcadelt)<\/p>\n<p style=\"text-align: justify;\">&#8211; Da ber\u00fchren sich Himmel und Erde<\/p>\n<p style=\"text-align: justify;\">&#8211; Der Segen des Aaron (P.C. Lutkin, Nikolaus Schr\u00f6der)<\/p>\n<p style=\"text-align: justify;\"><strong>21.04.2013<\/strong><\/p>\n<p style=\"text-align: justify;\">Wir singen in der Propsteikirche St. Walburga in Werl noch einmal die Vierne-Messe.<\/p>\n<p style=\"text-align: justify;\">(Siehe auch unter Presse)<\/p>\n<p style=\"text-align: justify;\"><strong>01.04.2013<\/strong><\/p>\n<p style=\"text-align: justify;\">Ostermontag singen wir traditionell in der Christk\u00f6nig-Kirche (siehe Ostersonntag).<\/p>\n<p style=\"text-align: justify;\"><strong>31.03.2013<\/strong><\/p>\n<p style=\"text-align: justify;\">Ostersonntag: Wir singen die Messe Solennelle von Louis Vierne (bitte anklicken)\u00a0in der sehr\u00a0gut besuchten\u00a0Johanneskirche.<\/p>\n<p style=\"text-align: justify;\"><strong>29.03.2013<\/strong><\/p>\n<p style=\"text-align: justify;\">Die Karfreitagsliturgie steht auf dem Programm und\u00a0wir singen in der St. Johannes Kirche:<\/p>\n<p style=\"text-align: justify;\">&#8211; O Haupt voll Blut und Wunden<\/p>\n<p style=\"text-align: justify;\">&#8211; Wer hat dich so geschlagen<\/p>\n<p style=\"text-align: justify;\">&#8211; In jener letzten der N\u00e4chte<\/p>\n<p style=\"text-align: justify;\">&#8211; Aus tiefer Not schrei ich zu dir<\/p>\n<p><span style=\"border-radius: 2px; text-indent: 20px; width: auto; padding: 0px 4px 0px 0px; text-align: center; font: bold 11px\/20px 'Helvetica Neue',Helvetica,sans-serif; color: #ffffff; background: #bd081c  no-repeat scroll 3px 50% \/ 14px 14px; position: absolute; opacity: 1; z-index: 8675309; display: none; cursor: pointer; top: 547px; left: 50px;\">Merken<\/span><\/p>\n","protected":false},"excerpt":{"rendered":"<p>26.12.2013 Am zweiten Weihnachtsfeiertag singen wir im Hochamt\u00a0der Christk\u00f6nigkirche, unserer Nachbargemeinde ein geringf\u00fcgig ge\u00e4ndertes Programm&#8230; 24.12.2013 Christmette &#8211; Die vollbesetzte St. Johannes Kirche h\u00f6rt die Weihnachtsbotschaft mit anregenden, nachdenklich stimmenden Worten von Pr\u00e4ses Michael Schmitt. Erg\u00e4nzt durch die strahlenden\u00a0Lichter der eindrucksvollen Tannen, durch den besonderen Blumenschmuck, entsteht eine einzigartige, anr\u00fchrende Stimmung. Wir gestalten das Vorprogramm &hellip; <\/p>\n<p class=\"link-more\"><a href=\"https:\/\/kirchenchor-sundern.de\/?page_id=339\" class=\"more-link\"><span class=\"screen-reader-text\">\u201e2013\u201c<\/span> weiterlesen<\/a><\/p>\n","protected":false},"author":1,"featured_media":0,"parent":0,"menu_order":0,"comment_status":"closed","ping_status":"closed","template":"","meta":{"footnotes":""},"_links":{"self":[{"href":"https:\/\/kirchenchor-sundern.de\/index.php?rest_route=\/wp\/v2\/pages\/339"}],"collection":[{"href":"https:\/\/kirchenchor-sundern.de\/index.php?rest_route=\/wp\/v2\/pages"}],"about":[{"href":"https:\/\/kirchenchor-sundern.de\/index.php?rest_route=\/wp\/v2\/types\/page"}],"author":[{"embeddable":true,"href":"https:\/\/kirchenchor-sundern.de\/index.php?rest_route=\/wp\/v2\/users\/1"}],"replies":[{"embeddable":true,"href":"https:\/\/kirchenchor-sundern.de\/index.php?rest_route=%2Fwp%2Fv2%2Fcomments&post=339"}],"version-history":[{"count":6,"href":"https:\/\/kirchenchor-sundern.de\/index.php?rest_route=\/wp\/v2\/pages\/339\/revisions"}],"predecessor-version":[{"id":412,"href":"https:\/\/kirchenchor-sundern.de\/index.php?rest_route=\/wp\/v2\/pages\/339\/revisions\/412"}],"wp:attachment":[{"href":"https:\/\/kirchenchor-sundern.de\/index.php?rest_route=%2Fwp%2Fv2%2Fmedia&parent=339"}],"curies":[{"name":"wp","href":"https:\/\/api.w.org\/{rel}","templated":true}]}}