{"id":341,"date":"2017-10-20T11:51:49","date_gmt":"2017-10-20T11:51:49","guid":{"rendered":"http:\/\/kirchenchor-sundern.de\/?page_id=341"},"modified":"2017-10-20T15:58:40","modified_gmt":"2017-10-20T15:58:40","slug":"2014-2","status":"publish","type":"page","link":"https:\/\/kirchenchor-sundern.de\/?page_id=341","title":{"rendered":"2014"},"content":{"rendered":"<p style=\"text-align: justify;\"><strong>21.12.14 &#8211; Adventskonzert in Kloster Brunnen<\/strong><\/p>\n<p style=\"text-align: justify;\">Chorleiter Wolfgang Bitter hat ein abewechslungsreiches Programm zusammengestellt. Bei zauberhaften Kl\u00e4ngen stimmen wir auf besinnliche Feiertage ein.<\/p>\n<p><a href=\"https:\/\/kirchenchor-sundern.de\/wp-content\/uploads\/2017\/10\/Programm-Advent.jpg\"><img decoding=\"async\" loading=\"lazy\" class=\"alignnone size-full wp-image-390\" src=\"https:\/\/kirchenchor-sundern.de\/wp-content\/uploads\/2017\/10\/Programm-Advent.jpg\" alt=\"\" width=\"837\" height=\"556\" srcset=\"https:\/\/kirchenchor-sundern.de\/wp-content\/uploads\/2017\/10\/Programm-Advent.jpg 837w, https:\/\/kirchenchor-sundern.de\/wp-content\/uploads\/2017\/10\/Programm-Advent-300x199.jpg 300w, https:\/\/kirchenchor-sundern.de\/wp-content\/uploads\/2017\/10\/Programm-Advent-768x510.jpg 768w\" sizes=\"(max-width: 767px) 89vw, (max-width: 1000px) 54vw, (max-width: 1071px) 543px, 580px\" \/><\/a><\/p>\n<p style=\"text-align: justify;\"><strong>30.11.14 &#8211; Adventsgottesdienst<\/strong><\/p>\n<p style=\"text-align: justify;\">Wir gestalten den besinnlichen Gottesdienst in der Johanneskirche mit und singen:<\/p>\n<p style=\"text-align: justify;\">-Wir sagen euch an, den lieben Advent<\/p>\n<p style=\"text-align: justify;\">-Gott hat mir l\u00e4ngst einen Engel gesandt<\/p>\n<p style=\"text-align: justify;\">-Macht hoch die T\u00fcr<\/p>\n<p style=\"text-align: justify;\">-Bald wird gro\u00dfe Freud verk\u00fcndet<\/p>\n<p style=\"text-align: justify;\"><strong>18.10.14 &#8211; Nacht der Lichter in der Christk\u00f6nigkirche<\/strong><\/p>\n<p style=\"text-align: justify;\">Organisiert von Frauenchor Harmonia Sundern und den Voices of Harmony unter der Gesamtleitung von Regina Sommer, singen wir bei der &#8222;Nacht der Lichter&#8220;:<\/p>\n<p style=\"text-align: justify;\">1. Ave Maria (Arcadelt)<\/p>\n<p style=\"text-align: justify;\">2. Gott hat mir l\u00e4ngst einen Engel gesandt<\/p>\n<p style=\"text-align: justify;\">3. Wie lieblich sind die Boten<\/p>\n<p style=\"text-align: justify;\">4. Gut, dass wir einander haben<\/p>\n<p style=\"text-align: justify;\">5.\u00a0Lobt den Herrn der Welt<\/p>\n<p style=\"text-align: justify;\">Am Montag, den 20.10. kam die 1. Vorsitzende vom Frauenchor Harmonia, Beatrix Brechmann, zur unserer Chorprobe um sich zu bedanken.\u00a0Weil wir der Einladung gefolgt sind und so erfolgreich an der &#8222;Nacht der Lichter&#8220; teilgenommen haben.\u00a0Unser Chorleiter Wolfgang Bitter erhielt einen Blumenstrau\u00df f\u00fcr seine M\u00fchen. Ihrem Dank schlie\u00dfen wir uns nat\u00fcrlich an.<\/p>\n<p style=\"text-align: justify;\"><strong>26.09.14 &#8211; Stimmbildung nur f\u00fcr die Frauen<\/strong><\/p>\n<p style=\"text-align: justify;\">Wir bedanken uns bei Elvira Steinwachs aus Warstein-Sichtigvor\u00a0f\u00fcr diesen arbeitsintensiven, lohnenswerten Abend&#8230;(f\u00fcr mehr Infos zur Person: <a href=\"http:\/\/www.mixed-voices.org\/chorleiterin\/\" target=\"_blank\" rel=\"noopener\">hier klicken<\/a>)<\/p>\n<p style=\"text-align: justify;\"><strong>14.09.14 &#8211; Hochamt St. Johannes Kreuz Erh\u00f6hung<\/strong><\/p>\n<p style=\"text-align: justify;\">Die Jugendband &#8222;Trotzdem&#8220; gestaltet zusammen mit uns den Gottesdienst in der Johanneskirche. Wir singen die Taiz\u00e9-Lieder:<\/p>\n<p style=\"text-align: justify;\">&#8222;Jesus Christ, you are my life&#8220; und<\/p>\n<p style=\"text-align: justify;\">&#8222;Wait for the Lord&#8220;,au\u00dferdem<\/p>\n<p style=\"text-align: justify;\">&#8222;In deinen H\u00e4nden steht die Zeit&#8220; und<\/p>\n<p style=\"text-align: justify;\">&#8222;Sei du uns zugewandt&#8220;.<\/p>\n<p style=\"text-align: justify;\">Fotos im Album.<\/p>\n<p style=\"text-align: justify;\"><strong>13.09.14 Gem\u00fctlicher Nachmittag in der Grillh\u00fctte &#8222;Schwemker Ring&#8220;<u> <\/u><\/strong><\/p>\n<p style=\"text-align: justify;\">&#8211; Fotos im Album.<\/p>\n<p style=\"text-align: justify;\"><strong>05.08.14 &#8211; Goldene Hochzeit Ingrid und Heinz Falke<\/strong><\/p>\n<p style=\"text-align: justify;\">Gerne singen wir ihre Wunschtitel:<\/p>\n<p style=\"text-align: justify;\">Wie lieblich sind die Boten, Ave Verum und Preiset froh den K\u00f6nig&#8230;<\/p>\n<p style=\"text-align: justify;\"><strong>15.06.14 &#8211; \u00d6kumenischer Gottesdienst zum SGV Gebirgsfest<\/strong><\/p>\n<p style=\"text-align: justify;\">Wir singen:<\/p>\n<p style=\"text-align: justify;\">&#8211; &#8222;Freu Dich, du Christenheit&#8220; von John Ireland \/ Stephan Wahl<\/p>\n<p style=\"text-align: justify;\">&#8211; &#8222;Wie lieblich sind die Boten&#8220; aus d. Oratorium &#8222;Paulus&#8220; von F. Mendelssohn-Bartholdy<\/p>\n<p style=\"text-align: justify;\">&#8211; &#8222;Lass Frieden sein auf Erden&#8220; von Sy Miller \/ Jill Jackson<\/p>\n<p style=\"text-align: justify;\"><strong>03.05.14 &#8211;\u00a0St. Johannes Wallfahrt\u00a0nach Werl<\/strong><\/p>\n<p style=\"text-align: justify;\">Das Programm &#8211; <a href=\"https:\/\/de-livepages.strato.com\/wizard\/w4\/manageContentLinkObject.jsp?pos=13150114&amp;\" target=\"_blank\" rel=\"noopener\">hier klicken!<\/a><\/p>\n<p style=\"text-align: justify;\"><span style=\"color: #ff0000;\"><a href=\"https:\/\/kirchenchor-sundern.de\/wp-content\/uploads\/2017\/10\/Werl.jpg\"><img decoding=\"async\" loading=\"lazy\" class=\"alignnone size-full wp-image-389\" src=\"https:\/\/kirchenchor-sundern.de\/wp-content\/uploads\/2017\/10\/Werl.jpg\" alt=\"\" width=\"450\" height=\"337\" srcset=\"https:\/\/kirchenchor-sundern.de\/wp-content\/uploads\/2017\/10\/Werl.jpg 450w, https:\/\/kirchenchor-sundern.de\/wp-content\/uploads\/2017\/10\/Werl-300x225.jpg 300w\" sizes=\"(max-width: 450px) 100vw, 450px\" \/><\/a><\/span><\/p>\n<p style=\"text-align: justify;\"><strong>Ostern 2014<\/strong><\/p>\n<p style=\"text-align: justify;\">Sonntag, 20.04. St.\u00a0Johannes\u00a0und Montag, 21.04. in Christk\u00f6nig:<\/p>\n<p style=\"text-align: justify;\">&#8211; Wir wollen alle fr\u00f6hlich sein &#8211; Michael Praetorius<\/p>\n<p style=\"text-align: justify;\">Im Wechsel und zusammen mit der Gemeinde aus dem neuen Gotteslob:<\/p>\n<p style=\"text-align: justify;\">&#8211; 337 Freu dich, erl\u00f6ste Christenheit und<\/p>\n<p style=\"text-align: justify;\">&#8211;\u00a0642 Zum Mahl des Lammes schreiten wir<\/p>\n<p style=\"text-align: justify;\">&#8211;\u00a0O Herr, unser Gott, wie herrlich ist dein Name &#8211; Michael W. Smith<\/p>\n<p style=\"text-align: justify;\">&#8211; Jauchzet dem Herrn, alle Welt &#8211; Felix Mendelssohn Bartholdy<\/p>\n<p style=\"text-align: justify;\">In der Karfreitagsliturgie 18.04. in St. Johannes:<\/p>\n<p style=\"text-align: justify;\">&#8211; Wer hat dich so geschlagen &#8211; Johann Sebastian Bach<\/p>\n<p style=\"text-align: justify;\">&#8211; O Haupt voll Blut und Wunden &#8211; Johann Sebastian Bach<\/p>\n<p style=\"text-align: justify;\">&#8211; Herzliebster Jesu, was hast du verbrochen &#8211; Johann Sebastian Bach<\/p>\n<p style=\"text-align: justify;\">&#8211; In meines Herzens Grunde &#8211; Johann Sebastian Bach<\/p>\n<p style=\"text-align: justify;\"><strong>09.04.2014 Stimmbildung mit Helmut Pieper<\/strong><\/p>\n<p style=\"text-align: justify;\">Wieder durften wir unter professioneller Anleitung bekannte St\u00fccke verbessern.<\/p>\n<p style=\"text-align: justify;\">Es ist immer erstaunlich, was mit\u00a0der Beachtung von kleinen Details\u00a0erzielt werden kann.<\/p>\n<p style=\"text-align: justify;\">Ganz besonderer Dank an Helmut Pieper f\u00fcr seine Geduld&#8230;<\/p>\n<p style=\"text-align: justify;\">Unserem Chorleiter Wolfgang nat\u00fcrlich auch!<\/p>\n<p style=\"text-align: justify;\"><strong>10.02.2014 Mitgliederversammlung im Johanneshaus<\/strong><\/p>\n<p style=\"text-align: justify;\">Der offizielle Teil enthielt u.a. die Protokollverlesung, den Jahres- und den Kassenbericht.<\/p>\n<p style=\"text-align: justify;\">Au\u00dferdem informiert Kassiererin Annette N\u00f6ker \u00fcber die Weiternutzung der Einzugserm\u00e4chtigung als SEPA Lastschriftmandat f\u00fcr die Mitgliederbeitr\u00e4ge (hier ihr Dokument dazu).<\/p>\n<p style=\"text-align: justify;\">Dann folgt die Ehrung einiger Chors\u00e4nger f\u00fcr langj\u00e4hrige Mitgliedschaft durch die 1. Vorsitzende Lilo Budden und den 2. Vorsitzenden Friedhelm B\u00fcse: F\u00fcr 60 Jahre unser Ehrendirigent Franz Selter und f\u00fcr 30 Jahre Reinhilde Cramer, beiden auch an dieser Stelle f\u00fcr ihre Treue und den unerm\u00fcdlichen Einsatz herzlichen Dank; au\u00dferdem f\u00fcr 20 Jahre Manuela Nolte und f\u00fcr 10 Jahre Elmar Braukmann, Marlies B\u00fcse, Annette N\u00f6ker, Susanne Grote, Marietta Te Pahs und\u00a0Lisa W\u00f6stmann. Auch ihnen gilt unser Dank f\u00fcr ihre Freude am Singen, auf hoffentlich viele weitere Jahre. Weiterhin dankt Friedhelm B\u00fcse unserer 1. Vorsitzenden Lilo Budden f\u00fcr ihr Engagement im Sinne des Chores.<\/p>\n<p style=\"text-align: justify;\">Abschlie\u00dfend folgt der gem\u00fctliche Teil mit einer kurzen Vorstellung unserer Homepage so wie der Fotopr\u00e4sentation diverser Auftritte und Ausfl\u00fcge. Siehe auch unter Presse.<\/p>\n<p style=\"text-align: justify;\"><strong>31.01.2014 Wir singen in der Abendmesse zur Errichtung des &#8222;Pastoralen Raumes&#8220;:<\/strong><\/p>\n<p style=\"text-align: justify;\">&#8211; &#8222;Halleluja-Ruf&#8220; von Colin Mawby<\/p>\n<p style=\"text-align: justify;\">&#8211; &#8222;Freu Dich, du Christenheit&#8220; von John Ireland \/ Stephan Wahl<\/p>\n<p style=\"text-align: justify;\">&#8211; &#8222;Wie lieblich sind die Boten&#8220; aus d. Oratorium &#8222;Paulus&#8220; von F. Mendelssohn-Bartholdy<\/p>\n<p style=\"text-align: justify;\">&#8211; &#8222;Lass Frieden sein auf Erden&#8220; von Sy Miller \/ Jill Jackson<\/p>\n<p>Hier k\u00f6nnen Sie das gemeinsam gesprochene Gebet zur Einrichtungsfeier lesen, bitte das Bild anklicken:<\/p>\n<p><a href=\"https:\/\/kirchenchor-sundern.de\/wp-content\/uploads\/2017\/10\/Pastoral.jpg\"><img decoding=\"async\" loading=\"lazy\" class=\"alignnone size-full wp-image-388\" src=\"https:\/\/kirchenchor-sundern.de\/wp-content\/uploads\/2017\/10\/Pastoral.jpg\" alt=\"\" width=\"218\" height=\"300\" \/><\/a><\/p>\n<p>Lesen Sie hierzu die Informationen aus dem Pfarrbrief Nr. 2\/2014 der Gemeinde St. Johannes Ev. Sundern vom 12. Januar 2014:<\/p>\n<p style=\"text-align: justify;\">Mit diesem Jahr 2014 beginnt bei uns in Sundern die Errichtung des Pastoralen Raumes.<\/p>\n<p style=\"text-align: justify;\">Sie wird etwa zwei Jahre dauern. Die zentrale Errichtungsfeier des beginnenden Prozesses findet am Freitag, 31. Januar, um 19 Uhr in der St.-Johannes-Kirche statt.<\/p>\n<p style=\"text-align: justify;\">Die kirchlichen Vereinsgremien und alle Gl\u00e4ubigen aus den Gemeinden der bisherigen vier Pastoralverb\u00fcnde innerhalb der Stadt Sundern sind ganz herzlich dazu eingeladen!<\/p>\n<p style=\"text-align: justify;\">Der Gottesdienst findet in Verbindung mit der Abendmesse am Freitag statt, damit die Geistlichen, die ansonsten durch die Sonntagsmessen in den 19 Gottesdienststationen der Stadt gebunden sind, daran teilnehmen k\u00f6nnen und die einzelnen Gottesdienste dort nicht ausfallen m\u00fcssen. Dechant Hubertus B\u00f6ttcher wird an dem Gottesdienst teilnehmen und den Verantwortlichen das sogenannte Starter-Paket \u00fcberreichen.<\/p>\n<p style=\"text-align: justify;\">Eine gro\u00dfe Kerze, die Schwester Elisabeth vom Wittener Karmelitinnen-Kloster geschaffen hat, wird entz\u00fcndet und auf die Reise durch die Gemeinden des Pastoralen Raumes Sundern gehen.<\/p>\n<p style=\"text-align: justify;\">Die Kerze tr\u00e4gt \u2013 wie die 19 kleineren Kerzen, die anschlie\u00dfend in den Gemeinden verbleiben \u2013 den Umriss der Stadt Sundern und das Stadtwappen. An einem Wochenende wird dann in der jeweiligen Gemeinde die Kerze am Beginn des Sonntagsgottesdienstes \u00fcbergeben und dabei ein passendes Gebet gesprochen sowie ein Lied gesungen. Das Licht und das Gebetsbildchen soll(te) uns alle durch die kommenden Monate der Planungen und \u00dcberlegungen begleiten.<\/p>\n<p style=\"text-align: justify;\">Pfarrer Schmitt als Leiter des Pastoralen Raumes \u00fcbernimmt in K\u00fcrze die Verwaltung der 13 kirchenrechtlich errichteten Pfarreien und Pfarrvikarien. Allen, die sich bereits jetzt und in der kommenden Zeit mit den Neu\u00fcberlegungen besch\u00e4ftigen und die sie mittragen und weiterf\u00fchren, danken wir ganz herzlich! Bitten wir Gott, dass er unsere Planungen und \u00dcberlegungen segnet!<\/p>\n<p><span style=\"border-radius: 2px; text-indent: 20px; width: auto; padding: 0px 4px 0px 0px; text-align: center; font: bold 11px\/20px 'Helvetica Neue',Helvetica,sans-serif; color: #ffffff; background: #bd081c no-repeat scroll 3px 50% \/ 14px 14px; position: absolute; opacity: 1; z-index: 8675309; display: none; cursor: pointer;\">Merken<\/span><\/p>\n<p><span style=\"border-radius: 2px; text-indent: 20px; width: auto; padding: 0px 4px 0px 0px; text-align: center; font: bold 11px\/20px 'Helvetica Neue',Helvetica,sans-serif; color: #ffffff; background: #bd081c  no-repeat scroll 3px 50% \/ 14px 14px; position: absolute; opacity: 1; z-index: 8675309; display: none; cursor: pointer; top: 2664px; left: 50px;\">Merken<\/span><\/p>\n","protected":false},"excerpt":{"rendered":"<p>21.12.14 &#8211; Adventskonzert in Kloster Brunnen Chorleiter Wolfgang Bitter hat ein abewechslungsreiches Programm zusammengestellt. Bei zauberhaften Kl\u00e4ngen stimmen wir auf besinnliche Feiertage ein. 30.11.14 &#8211; Adventsgottesdienst Wir gestalten den besinnlichen Gottesdienst in der Johanneskirche mit und singen: -Wir sagen euch an, den lieben Advent -Gott hat mir l\u00e4ngst einen Engel gesandt -Macht hoch die T\u00fcr &hellip; <\/p>\n<p class=\"link-more\"><a href=\"https:\/\/kirchenchor-sundern.de\/?page_id=341\" class=\"more-link\"><span class=\"screen-reader-text\">\u201e2014\u201c<\/span> weiterlesen<\/a><\/p>\n","protected":false},"author":1,"featured_media":0,"parent":0,"menu_order":0,"comment_status":"closed","ping_status":"closed","template":"","meta":{"footnotes":""},"_links":{"self":[{"href":"https:\/\/kirchenchor-sundern.de\/index.php?rest_route=\/wp\/v2\/pages\/341"}],"collection":[{"href":"https:\/\/kirchenchor-sundern.de\/index.php?rest_route=\/wp\/v2\/pages"}],"about":[{"href":"https:\/\/kirchenchor-sundern.de\/index.php?rest_route=\/wp\/v2\/types\/page"}],"author":[{"embeddable":true,"href":"https:\/\/kirchenchor-sundern.de\/index.php?rest_route=\/wp\/v2\/users\/1"}],"replies":[{"embeddable":true,"href":"https:\/\/kirchenchor-sundern.de\/index.php?rest_route=%2Fwp%2Fv2%2Fcomments&post=341"}],"version-history":[{"count":8,"href":"https:\/\/kirchenchor-sundern.de\/index.php?rest_route=\/wp\/v2\/pages\/341\/revisions"}],"predecessor-version":[{"id":411,"href":"https:\/\/kirchenchor-sundern.de\/index.php?rest_route=\/wp\/v2\/pages\/341\/revisions\/411"}],"wp:attachment":[{"href":"https:\/\/kirchenchor-sundern.de\/index.php?rest_route=%2Fwp%2Fv2%2Fmedia&parent=341"}],"curies":[{"name":"wp","href":"https:\/\/api.w.org\/{rel}","templated":true}]}}