{"id":448,"date":"2017-10-23T16:55:31","date_gmt":"2017-10-23T16:55:31","guid":{"rendered":"http:\/\/kirchenchor-sundern.de\/?page_id=448"},"modified":"2025-03-30T10:41:32","modified_gmt":"2025-03-30T10:41:32","slug":"vorstand","status":"publish","type":"page","link":"https:\/\/kirchenchor-sundern.de\/?page_id=448","title":{"rendered":"Vorstandsteam"},"content":{"rendered":"<table style=\"height: 680px;\" border=\"0\" width=\"967\" cellspacing=\"0\" cellpadding=\"0\">\n<tbody>\n<tr>\n<td valign=\"middle\" height=\"30\"><u>Chorleitung:<\/u><\/td>\n<td valign=\"middle\" height=\"30\"><\/td>\n<\/tr>\n<tr>\n<td valign=\"middle\" height=\"30\">R\u00fcdiger Alkert<\/td>\n<td valign=\"middle\" height=\"30\">ruediger.alkertENTFERNEN@web.de<\/td>\n<\/tr>\n<tr>\n<td valign=\"middle\" height=\"30\"><\/td>\n<td valign=\"middle\" height=\"30\"><\/td>\n<\/tr>\n<tr>\n<td valign=\"middle\" height=\"30\"><u>Vorstandsteam:<\/u><\/td>\n<td valign=\"middle\" height=\"30\"><\/td>\n<\/tr>\n<tr>\n<td style=\"height: 30px; vertical-align: top;\" valign=\"middle\" height=\"30\">Teamsprecher<\/p>\n<p>Verantwortliche gem.<\/p>\n<p>\u00a713 Abs. 1 DSGVO<\/td>\n<td valign=\"middle\" height=\"30\">Georg Scheffer<\/p>\n<p>georg.schefferENTFERNEN@web.de<\/p>\n<p>&nbsp;<\/td>\n<\/tr>\n<tr>\n<td valign=\"middle\" height=\"30\">Teammitglieder:<\/td>\n<td valign=\"middle\" height=\"30\">Elmar Braukmann, Susanne Grote, Ludger Pietsch, Peter M\u00fcller<\/td>\n<\/tr>\n<tr>\n<td style=\"height: 30px; vertical-align: top;\" valign=\"middle\" height=\"30\">Pr\u00e4ses<\/td>\n<td valign=\"middle\" height=\"30\">Pfarrer Stefan Siebert<\/p>\n<p>st.siebertENTFERNEN@pr-sundern<\/td>\n<\/tr>\n<tr>\n<td valign=\"middle\" height=\"30\">Schriftf\u00fchrer<\/td>\n<td valign=\"middle\" height=\"30\">Ludger Pietsch<\/td>\n<\/tr>\n<tr>\n<td valign=\"middle\" height=\"30\">Kassierer<\/td>\n<td valign=\"middle\" height=\"30\">Peter M\u00fcller<\/td>\n<\/tr>\n<tr>\n<td style=\"height: 30px; vertical-align: top;\" valign=\"middle\" height=\"30\"><\/td>\n<td valign=\"middle\" height=\"30\"><\/td>\n<\/tr>\n<tr>\n<td valign=\"middle\" height=\"30\"><\/td>\n<td valign=\"middle\" height=\"30\"><\/td>\n<\/tr>\n<tr>\n<td valign=\"middle\" height=\"30\"><\/td>\n<td valign=\"middle\" height=\"30\"><\/td>\n<\/tr>\n<tr>\n<td valign=\"middle\" height=\"30\"><\/td>\n<td valign=\"middle\" height=\"30\"><\/td>\n<\/tr>\n<tr>\n<td valign=\"middle\" height=\"30\"><\/td>\n<td valign=\"middle\" height=\"30\"><\/td>\n<\/tr>\n<\/tbody>\n<\/table>\n<p>f\u00fcr den Kontakt \u00fcber Mail entfernen Sie bitte das Wort ENTFERNEN aus der Mailadresse.<\/p>\n","protected":false},"excerpt":{"rendered":"<p>Chorleitung: R\u00fcdiger Alkert ruediger.alkertENTFERNEN@web.de Vorstandsteam: Teamsprecher Verantwortliche gem. \u00a713 Abs. 1 DSGVO Georg Scheffer georg.schefferENTFERNEN@web.de &nbsp; Teammitglieder: Elmar Braukmann, Susanne Grote, Ludger Pietsch, Peter M\u00fcller Pr\u00e4ses Pfarrer Stefan Siebert st.siebertENTFERNEN@pr-sundern Schriftf\u00fchrer Ludger Pietsch Kassierer Peter M\u00fcller f\u00fcr den Kontakt \u00fcber Mail entfernen Sie bitte das Wort ENTFERNEN aus der Mailadresse.<\/p>\n","protected":false},"author":1,"featured_media":0,"parent":0,"menu_order":0,"comment_status":"closed","ping_status":"closed","template":"","meta":{"footnotes":""},"_links":{"self":[{"href":"https:\/\/kirchenchor-sundern.de\/index.php?rest_route=\/wp\/v2\/pages\/448"}],"collection":[{"href":"https:\/\/kirchenchor-sundern.de\/index.php?rest_route=\/wp\/v2\/pages"}],"about":[{"href":"https:\/\/kirchenchor-sundern.de\/index.php?rest_route=\/wp\/v2\/types\/page"}],"author":[{"embeddable":true,"href":"https:\/\/kirchenchor-sundern.de\/index.php?rest_route=\/wp\/v2\/users\/1"}],"replies":[{"embeddable":true,"href":"https:\/\/kirchenchor-sundern.de\/index.php?rest_route=%2Fwp%2Fv2%2Fcomments&post=448"}],"version-history":[{"count":19,"href":"https:\/\/kirchenchor-sundern.de\/index.php?rest_route=\/wp\/v2\/pages\/448\/revisions"}],"predecessor-version":[{"id":956,"href":"https:\/\/kirchenchor-sundern.de\/index.php?rest_route=\/wp\/v2\/pages\/448\/revisions\/956"}],"wp:attachment":[{"href":"https:\/\/kirchenchor-sundern.de\/index.php?rest_route=%2Fwp%2Fv2%2Fmedia&parent=448"}],"curies":[{"name":"wp","href":"https:\/\/api.w.org\/{rel}","templated":true}]}}